{"id":86,"date":"2022-08-23T13:36:47","date_gmt":"2022-08-23T13:36:47","guid":{"rendered":"https:\/\/wirsindgeocaching.de\/?page_id=86"},"modified":"2022-08-23T14:35:20","modified_gmt":"2022-08-23T14:35:20","slug":"geocaches","status":"publish","type":"page","link":"https:\/\/wirsindgeocaching.de\/?page_id=86","title":{"rendered":"Geocaches"},"content":{"rendered":"\n<p>Unter dem Profil GEOHEIMNISTR\u00c4GER ver\u00f6ffentlichen wir unsere Geocaches und Adventure Labs. Wenn ihr nicht genug von unserer Arbeit bekommen k\u00f6nnt, schaut doch mal, wo in Deutschland wir \u00fcberall vertreten sind. Die folgenden Karten helfen euch dabei. Sie sind zu interaktiven Karten verlinkt, damit ihr auch gleich die Listings der Touren und Labs ansehen k\u00f6nnt. Viel Spa\u00df dabei!<\/p>\n\n\n<div class=\"wp-block-image\">\n<figure class=\"aligncenter size-full is-resized\"><a href=\"https:\/\/www.google.com\/maps\/d\/embed?mid=1-ClV8LzfncPDG7-YVVHeZKb8edk6pio&amp;ehbc=2E312F\" target=\"_blank\" rel=\"noreferrer noopener\"><img loading=\"lazy\" decoding=\"async\" src=\"https:\/\/wirsindgeocaching.de\/wp-content\/uploads\/2022\/08\/Adventure-Lab-Karte.png\" alt=\"\" class=\"wp-image-92\" width=\"316\" height=\"422\" srcset=\"https:\/\/wirsindgeocaching.de\/wp-content\/uploads\/2022\/08\/Adventure-Lab-Karte.png 450w, https:\/\/wirsindgeocaching.de\/wp-content\/uploads\/2022\/08\/Adventure-Lab-Karte-225x300.png 225w\" sizes=\"auto, (max-width: 316px) 100vw, 316px\" \/><\/a><figcaption><strong>Unsere Adventure Labs<\/strong><\/figcaption><\/figure>\n<\/div>\n\n\n<hr class=\"wp-block-separator has-alpha-channel-opacity\"\/>\n\n\n\n<div style=\"height:15px\" aria-hidden=\"true\" class=\"wp-block-spacer\"><\/div>\n\n\n<div class=\"wp-block-image\">\n<figure class=\"aligncenter size-full is-resized\"><a href=\"\/\/www.google.com\/maps\/d\/embed?mid=1VLCHkTV3UTKC7O8pWh9rgKqRLLwtB30&amp;ehbc=2E312F&quot; width=&quot;640&quot; height=&quot;480&quot;&gt;<\/iframe&gt;\" target=\"_blank\" rel=\"noreferrer noopener\"><img loading=\"lazy\" decoding=\"async\" src=\"https:\/\/wirsindgeocaching.de\/wp-content\/uploads\/2022\/08\/GeoTour-Karte.png\" alt=\"\" class=\"wp-image-93\" width=\"318\" height=\"423\" srcset=\"https:\/\/wirsindgeocaching.de\/wp-content\/uploads\/2022\/08\/GeoTour-Karte.png 450w, https:\/\/wirsindgeocaching.de\/wp-content\/uploads\/2022\/08\/GeoTour-Karte-225x300.png 225w\" sizes=\"auto, (max-width: 318px) 100vw, 318px\" \/><\/a><figcaption><strong>Unsere GeoTouren<\/strong><\/figcaption><\/figure>\n<\/div>","protected":false},"excerpt":{"rendered":"<p>Unter dem Profil GEOHEIMNISTR\u00c4GER ver\u00f6ffentlichen wir unsere Geocaches und Adventure Labs. Wenn ihr nicht genug von unserer Arbeit bekommen k\u00f6nnt, schaut doch mal, wo&#8230;<\/p>\n","protected":false},"author":2,"featured_media":0,"parent":0,"menu_order":0,"comment_status":"closed","ping_status":"closed","template":"","meta":{"footnotes":""},"class_list":["post-86","page","type-page","status-publish","hentry"],"_links":{"self":[{"href":"https:\/\/wirsindgeocaching.de\/index.php?rest_route=\/wp\/v2\/pages\/86","targetHints":{"allow":["GET"]}}],"collection":[{"href":"https:\/\/wirsindgeocaching.de\/index.php?rest_route=\/wp\/v2\/pages"}],"about":[{"href":"https:\/\/wirsindgeocaching.de\/index.php?rest_route=\/wp\/v2\/types\/page"}],"author":[{"embeddable":true,"href":"https:\/\/wirsindgeocaching.de\/index.php?rest_route=\/wp\/v2\/users\/2"}],"replies":[{"embeddable":true,"href":"https:\/\/wirsindgeocaching.de\/index.php?rest_route=%2Fwp%2Fv2%2Fcomments&post=86"}],"version-history":[{"count":3,"href":"https:\/\/wirsindgeocaching.de\/index.php?rest_route=\/wp\/v2\/pages\/86\/revisions"}],"predecessor-version":[{"id":94,"href":"https:\/\/wirsindgeocaching.de\/index.php?rest_route=\/wp\/v2\/pages\/86\/revisions\/94"}],"wp:attachment":[{"href":"https:\/\/wirsindgeocaching.de\/index.php?rest_route=%2Fwp%2Fv2%2Fmedia&parent=86"}],"curies":[{"name":"wp","href":"https:\/\/api.w.org\/{rel}","templated":true}]}}