{"id":31,"date":"2022-05-18T13:07:57","date_gmt":"2022-05-18T13:07:57","guid":{"rendered":"https:\/\/wirsindgeocaching.de\/?page_id=31"},"modified":"2022-05-18T13:17:02","modified_gmt":"2022-05-18T13:17:02","slug":"blog-collection","status":"publish","type":"page","link":"https:\/\/wirsindgeocaching.de\/?page_id=31","title":{"rendered":"Geocaching und mehr"},"content":{"rendered":"\n<p>Auf unseren Webseiten f\u00fchren wir seit einiger Zeit je einen Blog mit Artikeln zu den Themen Geocaching, Outdoor, Reisen und vielem mehr. Hier k\u00f6nnen Sie ausgew\u00e4hlte Beitr\u00e4ge finden.<\/p>\n\n\n<ul class=\"wp-block-latest-posts__list wp-block-latest-posts\"><li><div class=\"wp-block-latest-posts__featured-image alignleft\"><a href=\"https:\/\/wirsindgeocaching.de\/?p=59\" aria-label=\"Ein Tag im Leben von CacherReisen\"><img loading=\"lazy\" decoding=\"async\" width=\"150\" height=\"150\" src=\"https:\/\/wirsindgeocaching.de\/wp-content\/uploads\/2022\/05\/Cacherreisen-Titel-150x150.jpg\" class=\"attachment-thumbnail size-thumbnail wp-post-image\" alt=\"\" style=\"max-width:170px;max-height:170px;\" \/><\/a><\/div><a class=\"wp-block-latest-posts__post-title\" href=\"https:\/\/wirsindgeocaching.de\/?p=59\">Ein Tag im Leben von CacherReisen<\/a><div class=\"wp-block-latest-posts__post-excerpt\">Ein Tag mit dem Mietwagen auf Madeira Wir landen mit unserem Kreuzfahrtschiff in Funchal. Wenige Meter nach dem Verlassen des Schiffes durchlaufen wir den Hafeneingang und werden schon nmit einem Namensschild erwartet. Unser Mietwagen wurde uns direkt an den Hafen geliefert. Nicht das g\u00fcnstigste Mietauto der Reise, daf\u00fcr Taxikosten zum Verleihb\u00fcro oder Flughafenstation gespart. Und&#8230;<\/div><\/li>\n<li><div class=\"wp-block-latest-posts__featured-image alignleft\"><a href=\"https:\/\/wirsindgeocaching.de\/?p=56\" aria-label=\"Arch\u00e4ologie und Geocaching\"><img loading=\"lazy\" decoding=\"async\" width=\"150\" height=\"150\" src=\"https:\/\/wirsindgeocaching.de\/wp-content\/uploads\/2022\/05\/AgentenTour-Finale-im-Tunnel-150x150.png\" class=\"attachment-thumbnail size-thumbnail wp-post-image\" alt=\"\" style=\"max-width:170px;max-height:170px;\" srcset=\"https:\/\/wirsindgeocaching.de\/wp-content\/uploads\/2022\/05\/AgentenTour-Finale-im-Tunnel-150x150.png 150w, https:\/\/wirsindgeocaching.de\/wp-content\/uploads\/2022\/05\/AgentenTour-Finale-im-Tunnel-300x300.png 300w, https:\/\/wirsindgeocaching.de\/wp-content\/uploads\/2022\/05\/AgentenTour-Finale-im-Tunnel-768x772.png 768w, https:\/\/wirsindgeocaching.de\/wp-content\/uploads\/2022\/05\/AgentenTour-Finale-im-Tunnel.png 808w\" sizes=\"auto, (max-width: 150px) 100vw, 150px\" \/><\/a><\/div><a class=\"wp-block-latest-posts__post-title\" href=\"https:\/\/wirsindgeocaching.de\/?p=56\">Arch\u00e4ologie und Geocaching<\/a><div class=\"wp-block-latest-posts__post-excerpt\">Wer hat nicht schon einmal davon getr\u00e4umt, versunkene St\u00e4dte wie Troja zu entdecken und eine Reise in die Vergangenheit zu machen. So viele M\u00f6glichkeiten Vergangenes zu erleben, Wissen abenteuerlich zu erleben und tolle Geschichten mit Freunden zu teilen. Mit Geocaching kommen wir der Wunscherf\u00fcllung zumindest verdammt nah: Das Abenteuer Arch\u00e4ologie erleben Sie mit unseren zwei&#8230;<\/div><\/li>\n<li><div class=\"wp-block-latest-posts__featured-image alignleft\"><a href=\"https:\/\/wirsindgeocaching.de\/?p=47\" aria-label=\"Auf Schatzsuche w\u00e4hrend der Dienstreise\"><img loading=\"lazy\" decoding=\"async\" width=\"150\" height=\"150\" src=\"https:\/\/wirsindgeocaching.de\/wp-content\/uploads\/2022\/05\/Geocaches-in-Hannover-1-e1652887483733-150x150.png\" class=\"attachment-thumbnail size-thumbnail wp-post-image\" alt=\"\" style=\"max-width:170px;max-height:170px;\" \/><\/a><\/div><a class=\"wp-block-latest-posts__post-title\" href=\"https:\/\/wirsindgeocaching.de\/?p=47\">Auf Schatzsuche w\u00e4hrend der Dienstreise<\/a><div class=\"wp-block-latest-posts__post-excerpt\">Geh\u00f6rst du auch zu den Geocacher*innen, die Arbeit und Vergn\u00fcgen gerne kombinieren. Dienstreisen sind hierf\u00fcr eine hervorragende Gelegenheit. Unser Blogbeitrag ist mehr ein Erlebnisbericht, der dich inspirieren soll. Und vielleicht entdeckst du ja den einen oder anderen Tipp f\u00fcr denen n\u00e4chsten beruflichen Ausflug. Eine Dienstreise nach Hannover Die Idee zu diesem Blogbeitrag bekam ich, als&#8230;<\/div><\/li>\n<li><div class=\"wp-block-latest-posts__featured-image alignleft\"><a href=\"https:\/\/wirsindgeocaching.de\/?p=35\" aria-label=\"Teampower durch kreative Games\"><img loading=\"lazy\" decoding=\"async\" width=\"150\" height=\"150\" src=\"https:\/\/wirsindgeocaching.de\/wp-content\/uploads\/2022\/02\/Escape-Trailer-01-150x150.jpg\" class=\"attachment-thumbnail size-thumbnail wp-post-image\" alt=\"\" style=\"max-width:170px;max-height:170px;\" \/><\/a><\/div><a class=\"wp-block-latest-posts__post-title\" href=\"https:\/\/wirsindgeocaching.de\/?p=35\">Teampower durch kreative Games<\/a><div class=\"wp-block-latest-posts__post-excerpt\">Kreative Games, die Ihr Team st\u00e4rken sollen, setzen auf \u00dcberraschungsmomente. Im gemeinsamen Spiel sucht Ihr Team nach au\u00dfergew\u00f6hnlichen L\u00f6sungen, auf die es unter herk\u00f6mmlichen Umst\u00e4nden nicht gekommen w\u00e4re. Und ganz unbemerkt lernen sich Ihre Teammitglieder besser kennen und die pers\u00f6nlichen Talente sch\u00e4tzen. Schatzsuche und Wertsch\u00e4tzung geh\u00f6ren eng zusammen. Geocaching und Escape Games bieten beides!<\/div><\/li>\n<li><div class=\"wp-block-latest-posts__featured-image alignleft\"><a href=\"https:\/\/wirsindgeocaching.de\/?p=44\" aria-label=\"Geocaching in Bosnien-Herzegowina\"><img loading=\"lazy\" decoding=\"async\" width=\"150\" height=\"150\" src=\"https:\/\/wirsindgeocaching.de\/wp-content\/uploads\/2022\/05\/220311_Reise_Sarajevo-150x150.jpg\" class=\"attachment-thumbnail size-thumbnail wp-post-image\" alt=\"\" style=\"max-width:170px;max-height:170px;\" \/><\/a><\/div><a class=\"wp-block-latest-posts__post-title\" href=\"https:\/\/wirsindgeocaching.de\/?p=44\">Geocaching in Bosnien-Herzegowina<\/a><div class=\"wp-block-latest-posts__post-excerpt\">Unsere \u00fcber Jahre hinweg beliebte Cacher-Reise nach Tschernobyl mussten wir aus verschiedenen wohlbekannten Gr\u00fcnden erstmal ins Archiv verlegen. Alternativ bieten wir dir nun eine Reise in die Hauptstadt von Bosnien-Herzegowina nach Sarajevo an. Was dich dort erwartet, erz\u00e4hlen wir dir in diesem Blogbeitrag.<\/div><\/li>\n<\/ul>\n\n\n<p><\/p>\n","protected":false},"excerpt":{"rendered":"<p>Auf unseren Webseiten f\u00fchren wir seit einiger Zeit je einen Blog mit Artikeln zu den Themen Geocaching, Outdoor, Reisen und vielem mehr. Hier k\u00f6nnen&#8230;<\/p>\n","protected":false},"author":2,"featured_media":32,"parent":0,"menu_order":0,"comment_status":"closed","ping_status":"closed","template":"","meta":{"footnotes":""},"class_list":["post-31","page","type-page","status-publish","has-post-thumbnail","hentry"],"_links":{"self":[{"href":"https:\/\/wirsindgeocaching.de\/index.php?rest_route=\/wp\/v2\/pages\/31","targetHints":{"allow":["GET"]}}],"collection":[{"href":"https:\/\/wirsindgeocaching.de\/index.php?rest_route=\/wp\/v2\/pages"}],"about":[{"href":"https:\/\/wirsindgeocaching.de\/index.php?rest_route=\/wp\/v2\/types\/page"}],"author":[{"embeddable":true,"href":"https:\/\/wirsindgeocaching.de\/index.php?rest_route=\/wp\/v2\/users\/2"}],"replies":[{"embeddable":true,"href":"https:\/\/wirsindgeocaching.de\/index.php?rest_route=%2Fwp%2Fv2%2Fcomments&post=31"}],"version-history":[{"count":6,"href":"https:\/\/wirsindgeocaching.de\/index.php?rest_route=\/wp\/v2\/pages\/31\/revisions"}],"predecessor-version":[{"id":65,"href":"https:\/\/wirsindgeocaching.de\/index.php?rest_route=\/wp\/v2\/pages\/31\/revisions\/65"}],"wp:featuredmedia":[{"embeddable":true,"href":"https:\/\/wirsindgeocaching.de\/index.php?rest_route=\/wp\/v2\/media\/32"}],"wp:attachment":[{"href":"https:\/\/wirsindgeocaching.de\/index.php?rest_route=%2Fwp%2Fv2%2Fmedia&parent=31"}],"curies":[{"name":"wp","href":"https:\/\/api.w.org\/{rel}","templated":true}]}}