{"id":227,"date":"2022-08-24T15:52:50","date_gmt":"2022-08-24T15:52:50","guid":{"rendered":"https:\/\/wirsindgeocaching.de\/?page_id=227"},"modified":"2022-08-24T15:54:12","modified_gmt":"2022-08-24T15:54:12","slug":"patenschaften","status":"publish","type":"page","link":"https:\/\/wirsindgeocaching.de\/?page_id=227","title":{"rendered":"Patenschaften"},"content":{"rendered":"\n<p>Da unsere Caches \u00fcber ganz Deutschland verteilt liegen, siehe die Karten im Reiter Geocaches, haben wir ganz viele tolle Paten, die sich f\u00fcr uns liebevoll und mit viel Energie um die Pflege und Wartung der Caches k\u00fcmmern. Dazu geh\u00f6rt der Logbuch-Tausch, kleine Reparaturen und teilweise auch das Managen des Nachrichtencenters zu dem Cache.<\/p>\n\n\n\n<p>Fallen gr\u00f6\u00dfere Reparaturen an, so \u00fcbernimmt das nat\u00fcrlich unsere Werkstatt. Und auch f\u00fcr die kleinen kommen wir f\u00fcr die Kosten auf. Das versteht sich ja von selbst.<\/p>\n\n\n\n<div style=\"height:20px\" aria-hidden=\"true\" class=\"wp-block-spacer\"><\/div>\n\n\n\n<p>Was haben die Paten davon?<br><strong>Ganz einfach: <\/strong><br>Den meisten macht es Spa\u00df! Sie betreuen tolle Geocaches, die der Cacher-Community in ihrer Stadt oder ihrem Landkreis gut gefallen und die h\u00e4ufig viele Favoriten-Punkte generieren. <br><strong>Zudem:<\/strong><br>Meist lassen wir die Caches von unseren Paten adoptieren. Das hei\u00dft sie haben den Cache in ihrem Profil und die Favoritenpunkte des Caches werden somit ihrer Statistik hinzugez\u00e4hlt.<br><strong>Und nat\u00fcrlich:<\/strong><br>Gibt es von uns immer mal wieder kleine Anerkennungen f\u00fcr die Hilfe! Zum Beispiel Freikarten f\u00fcr unser MEGA Event 2022 oder spezielle Paten-GeoCoins und viele andere tolle Dinge. Wir lieben unsere Paten und sind stolz auf sie und ihren Einsatz!<\/p>\n\n\n\n<div style=\"height:20px\" aria-hidden=\"true\" class=\"wp-block-spacer\"><\/div>\n\n\n\n<p>Du hast auch Interesse daran, dich um einen unserer Caches zu k\u00fcmmern?<br>Dann f\u00fclle einfach das untenstehende Kontaktformular aus!<\/p>\n\n\n\n<div class=\"wpcf7 no-js\" id=\"wpcf7-f229-o1\" lang=\"de-DE\" dir=\"ltr\" data-wpcf7-id=\"229\">\n<div class=\"screen-reader-response\"><p role=\"status\" aria-live=\"polite\" aria-atomic=\"true\"><\/p> <ul><\/ul><\/div>\n<form action=\"\/index.php?rest_route=%2Fwp%2Fv2%2Fpages%2F227#wpcf7-f229-o1\" method=\"post\" class=\"wpcf7-form init\" aria-label=\"Contact form\" novalidate=\"novalidate\" data-status=\"init\">\n<fieldset class=\"hidden-fields-container\"><input type=\"hidden\" name=\"_wpcf7\" value=\"229\" \/><input type=\"hidden\" name=\"_wpcf7_version\" value=\"6.1.5\" \/><input type=\"hidden\" name=\"_wpcf7_locale\" value=\"de_DE\" \/><input type=\"hidden\" name=\"_wpcf7_unit_tag\" value=\"wpcf7-f229-o1\" \/><input type=\"hidden\" name=\"_wpcf7_container_post\" value=\"0\" \/><input type=\"hidden\" name=\"_wpcf7_posted_data_hash\" value=\"\" \/>\n<\/fieldset>\n<p><label> Dein Name<br \/>\n<span class=\"wpcf7-form-control-wrap\" data-name=\"your-name\"><input size=\"40\" maxlength=\"400\" class=\"wpcf7-form-control wpcf7-text wpcf7-validates-as-required\" aria-required=\"true\" aria-invalid=\"false\" value=\"\" type=\"text\" name=\"your-name\" \/><\/span> <\/label>\n<\/p>\n<p><label> Dein Cacher-Name<br \/>\n<span class=\"wpcf7-form-control-wrap\" data-name=\"your-cacher-name\"><input size=\"40\" maxlength=\"400\" class=\"wpcf7-form-control wpcf7-text wpcf7-validates-as-required\" aria-required=\"true\" aria-invalid=\"false\" value=\"\" type=\"text\" name=\"your-cacher-name\" \/><\/span> <\/label>\n<\/p>\n<p><label> Deine E-Mail-Adresse<br \/>\n<span class=\"wpcf7-form-control-wrap\" data-name=\"your-email\"><input size=\"40\" maxlength=\"400\" class=\"wpcf7-form-control wpcf7-email wpcf7-validates-as-required wpcf7-text wpcf7-validates-as-email\" aria-required=\"true\" aria-invalid=\"false\" value=\"\" type=\"email\" name=\"your-email\" \/><\/span> <\/label>\n<\/p>\n<p><label> Deine Telefonnummer<br \/>\n<span class=\"wpcf7-form-control-wrap\" data-name=\"tel-629\"><input size=\"40\" maxlength=\"400\" class=\"wpcf7-form-control wpcf7-tel wpcf7-validates-as-required wpcf7-text wpcf7-validates-as-tel\" aria-required=\"true\" aria-invalid=\"false\" value=\"\" type=\"tel\" name=\"tel-629\" \/><\/span> <\/label>\n<\/p>\n<p><label> Deine Region<br \/>\n<span class=\"wpcf7-form-control-wrap\" data-name=\"your-region\"><input size=\"40\" maxlength=\"400\" class=\"wpcf7-form-control wpcf7-text wpcf7-validates-as-required\" aria-required=\"true\" aria-invalid=\"false\" value=\"\" type=\"text\" name=\"your-region\" \/><\/span> <\/label>\n<\/p>\n<p><label> Betreff<br \/>\n<span class=\"wpcf7-form-control-wrap\" data-name=\"your-subject\"><input size=\"40\" maxlength=\"400\" class=\"wpcf7-form-control wpcf7-text wpcf7-validates-as-required\" aria-required=\"true\" aria-invalid=\"false\" value=\"\" type=\"text\" name=\"your-subject\" \/><\/span> <\/label>\n<\/p>\n<p><label> Deine Nachricht (optional)<br \/>\n<span class=\"wpcf7-form-control-wrap\" data-name=\"your-message\"><textarea cols=\"40\" rows=\"10\" maxlength=\"2000\" class=\"wpcf7-form-control wpcf7-textarea\" aria-invalid=\"false\" name=\"your-message\"><\/textarea><\/span> <\/label>\n<\/p>\n<p><input class=\"wpcf7-form-control wpcf7-submit has-spinner\" type=\"submit\" value=\"Senden\" \/>\n<\/p><div class=\"wpcf7-response-output\" aria-hidden=\"true\"><\/div>\n<\/form>\n<\/div>\n\n","protected":false},"excerpt":{"rendered":"<p>Da unsere Caches \u00fcber ganz Deutschland verteilt liegen, siehe die Karten im Reiter Geocaches, haben wir ganz viele tolle Paten, die sich f\u00fcr uns&#8230;<\/p>\n","protected":false},"author":2,"featured_media":0,"parent":0,"menu_order":0,"comment_status":"closed","ping_status":"closed","template":"","meta":{"footnotes":""},"class_list":["post-227","page","type-page","status-publish","hentry"],"_links":{"self":[{"href":"https:\/\/wirsindgeocaching.de\/index.php?rest_route=\/wp\/v2\/pages\/227","targetHints":{"allow":["GET"]}}],"collection":[{"href":"https:\/\/wirsindgeocaching.de\/index.php?rest_route=\/wp\/v2\/pages"}],"about":[{"href":"https:\/\/wirsindgeocaching.de\/index.php?rest_route=\/wp\/v2\/types\/page"}],"author":[{"embeddable":true,"href":"https:\/\/wirsindgeocaching.de\/index.php?rest_route=\/wp\/v2\/users\/2"}],"replies":[{"embeddable":true,"href":"https:\/\/wirsindgeocaching.de\/index.php?rest_route=%2Fwp%2Fv2%2Fcomments&post=227"}],"version-history":[{"count":4,"href":"https:\/\/wirsindgeocaching.de\/index.php?rest_route=\/wp\/v2\/pages\/227\/revisions"}],"predecessor-version":[{"id":233,"href":"https:\/\/wirsindgeocaching.de\/index.php?rest_route=\/wp\/v2\/pages\/227\/revisions\/233"}],"wp:attachment":[{"href":"https:\/\/wirsindgeocaching.de\/index.php?rest_route=%2Fwp%2Fv2%2Fmedia&parent=227"}],"curies":[{"name":"wp","href":"https:\/\/api.w.org\/{rel}","templated":true}]}}