{"id":167,"date":"2022-08-24T14:32:05","date_gmt":"2022-08-24T14:32:05","guid":{"rendered":"https:\/\/wirsindgeocaching.de\/?page_id=167"},"modified":"2022-08-24T15:19:12","modified_gmt":"2022-08-24T15:19:12","slug":"unser-team","status":"publish","type":"page","link":"https:\/\/wirsindgeocaching.de\/?page_id=167","title":{"rendered":"Unser Team"},"content":{"rendered":"\n<p>F\u00fcr unseren Geoburtstag (am 03.09.22) haben wir uns etwas besonderes einfallen lassen und f\u00fcr jeden im Team ein Seelen-Tier zeichnen lassen, das einen f\u00fcr die Person bezeichnenden Gegenstand in der Hand h\u00e4lt. <\/p>\n\n\n\n<p>Wir finden, dass diese Tiere super geworden sind! Aber seht selbst.<\/p>\n\n\n<div id=\"metaslider-id-198\" style=\"width: 100%; margin: 0 auto;\" class=\"ml-slider-3-107-0 metaslider metaslider-flex metaslider-198 ml-slider has-dots-nav ms-theme-architekt\" role=\"region\" aria-label=\"Meet The Team\" data-height=\"800\" data-width=\"800\">\n    <div id=\"metaslider_container_198\">\n        <div id=\"metaslider_198\">\n            <ul class='slides'>\n                <li style=\"display: block; width: 100%;\" class=\"slide-205 ms-image \" aria-roledescription=\"slide\" data-date=\"2022-08-24 14:22:26\" data-filename=\"Sven-CRGEC0-800x800.png\" data-slide-type=\"image\"><a href=\"https:\/\/coord.info\/TB8V60B\" target=\"_blank\" aria-label=\"View Slide Details\" class=\"metaslider_image_link\"><img loading=\"lazy\" decoding=\"async\" src=\"https:\/\/wirsindgeocaching.de\/wp-content\/uploads\/2022\/08\/Sven-CRGEC0-800x800.png\" height=\"800\" width=\"800\" alt=\"\" class=\"slider-198 slide-205 msDefaultImage\" title=\"Sven - CRGEC0\" \/><\/a><div class=\"caption-wrap\"><div class=\"caption\">Sven<\/div><\/div><\/li>\n                <li style=\"display: none; width: 100%;\" class=\"slide-208 ms-image \" aria-roledescription=\"slide\" data-date=\"2022-08-24 14:22:26\" data-filename=\"Lilly-CR471X-800x800.png\" data-slide-type=\"image\"><a href=\"https:\/\/coord.info\/TB8V5Y7\" target=\"_blank\" aria-label=\"View Slide Details\" class=\"metaslider_image_link\"><img loading=\"lazy\" decoding=\"async\" src=\"https:\/\/wirsindgeocaching.de\/wp-content\/uploads\/2022\/08\/Lilly-CR471X-800x800.png\" height=\"800\" width=\"800\" alt=\"\" class=\"slider-198 slide-208 msDefaultImage\" title=\"Lilly - CR471X\" \/><\/a><div class=\"caption-wrap\"><div class=\"caption\">Lilly<\/div><\/div><\/li>\n                <li style=\"display: none; width: 100%;\" class=\"slide-203 ms-image \" aria-roledescription=\"slide\" data-date=\"2022-08-24 14:22:26\" data-filename=\"Annette-CR50VM-800x800.png\" data-slide-type=\"image\"><a href=\"https:\/\/coord.info\/TB8V5T7\" target=\"_blank\" aria-label=\"View Slide Details\" class=\"metaslider_image_link\"><img loading=\"lazy\" decoding=\"async\" src=\"https:\/\/wirsindgeocaching.de\/wp-content\/uploads\/2022\/08\/Annette-CR50VM-800x800.png\" height=\"800\" width=\"800\" alt=\"\" class=\"slider-198 slide-203 msDefaultImage\" title=\"Annette - CR50VM\" \/><\/a><div class=\"caption-wrap\"><div class=\"caption\">Annette<\/div><\/div><\/li>\n                <li style=\"display: none; width: 100%;\" class=\"slide-207 ms-image \" aria-roledescription=\"slide\" data-date=\"2022-08-24 14:22:26\" data-filename=\"Patrick-CRPHH0-800x800.png\" data-slide-type=\"image\"><a href=\"https:\/\/coord.info\/TB8V5TD\" target=\"_blank\" aria-label=\"View Slide Details\" class=\"metaslider_image_link\"><img loading=\"lazy\" decoding=\"async\" src=\"https:\/\/wirsindgeocaching.de\/wp-content\/uploads\/2022\/08\/Patrick-CRPHH0-800x800.png\" height=\"800\" width=\"800\" alt=\"\" class=\"slider-198 slide-207 msDefaultImage\" title=\"Patrick - CRPHH0\" \/><\/a><div class=\"caption-wrap\"><div class=\"caption\">Patrick<\/div><\/div><\/li>\n                <li style=\"display: none; width: 100%;\" class=\"slide-200 ms-image \" aria-roledescription=\"slide\" data-date=\"2022-08-24 14:22:26\" data-filename=\"Daniel-CRH58T-800x800.png\" data-slide-type=\"image\"><a href=\"https:\/\/coord.info\/TB8V5YK\" target=\"_blank\" aria-label=\"View Slide Details\" class=\"metaslider_image_link\"><img loading=\"lazy\" decoding=\"async\" src=\"https:\/\/wirsindgeocaching.de\/wp-content\/uploads\/2022\/08\/Daniel-CRH58T-800x800.png\" height=\"800\" width=\"800\" alt=\"\" class=\"slider-198 slide-200 msDefaultImage\" title=\"Daniel - CRH58T\" \/><\/a><div class=\"caption-wrap\"><div class=\"caption\">Daniel<\/div><\/div><\/li>\n                <li style=\"display: none; width: 100%;\" class=\"slide-201 ms-image \" aria-roledescription=\"slide\" data-date=\"2022-08-24 14:22:26\" data-filename=\"Christof-CR4B77-800x800.png\" data-slide-type=\"image\"><a href=\"https:\/\/coord.info\/TB8V6EY\" target=\"_blank\" aria-label=\"View Slide Details\" class=\"metaslider_image_link\"><img loading=\"lazy\" decoding=\"async\" src=\"https:\/\/wirsindgeocaching.de\/wp-content\/uploads\/2022\/08\/Christof-CR4B77-800x800.png\" height=\"800\" width=\"800\" alt=\"\" class=\"slider-198 slide-201 msDefaultImage\" title=\"Christof - CR4B77\" \/><\/a><div class=\"caption-wrap\"><div class=\"caption\">Christof<\/div><\/div><\/li>\n                <li style=\"display: none; width: 100%;\" class=\"slide-206 ms-image \" aria-roledescription=\"slide\" data-date=\"2022-08-24 14:22:26\" data-filename=\"Sebastian-CR9WV1-800x800.png\" data-slide-type=\"image\"><a href=\"https:\/\/coord.info\/TB8V6DN\" target=\"_blank\" aria-label=\"View Slide Details\" class=\"metaslider_image_link\"><img loading=\"lazy\" decoding=\"async\" src=\"https:\/\/wirsindgeocaching.de\/wp-content\/uploads\/2022\/08\/Sebastian-CR9WV1-800x800.png\" height=\"800\" width=\"800\" alt=\"\" class=\"slider-198 slide-206 msDefaultImage\" title=\"Sebastian - CR9WV1\" \/><\/a><div class=\"caption-wrap\"><div class=\"caption\">Sebastian<\/div><\/div><\/li>\n                <li style=\"display: none; width: 100%;\" class=\"slide-204 ms-image \" aria-roledescription=\"slide\" data-date=\"2022-08-24 14:22:26\" data-filename=\"Andi-CR4N54-800x800.png\" data-slide-type=\"image\"><a href=\"https:\/\/coord.info\/TB8V5W2\" target=\"_blank\" aria-label=\"View Slide Details\" class=\"metaslider_image_link\"><img loading=\"lazy\" decoding=\"async\" src=\"https:\/\/wirsindgeocaching.de\/wp-content\/uploads\/2022\/08\/Andi-CR4N54-800x800.png\" height=\"800\" width=\"800\" alt=\"\" class=\"slider-198 slide-204 msDefaultImage\" title=\"Andi - CR4N54\" \/><\/a><div class=\"caption-wrap\"><div class=\"caption\">Andi<\/div><\/div><\/li>\n                <li style=\"display: none; width: 100%;\" class=\"slide-199 ms-image \" aria-roledescription=\"slide\" data-date=\"2022-08-24 14:22:25\" data-filename=\"Dirk-CRFBJ4-800x800.png\" data-slide-type=\"image\"><a href=\"https:\/\/coord.info\/TB8V6E7\" target=\"_blank\" aria-label=\"View Slide Details\" class=\"metaslider_image_link\"><img loading=\"lazy\" decoding=\"async\" src=\"https:\/\/wirsindgeocaching.de\/wp-content\/uploads\/2022\/08\/Dirk-CRFBJ4-800x800.png\" height=\"800\" width=\"800\" alt=\"\" class=\"slider-198 slide-199 msDefaultImage\" title=\"Dirk - CRFBJ4\" \/><\/a><div class=\"caption-wrap\"><div class=\"caption\">Dirk<\/div><\/div><\/li>\n                <li style=\"display: none; width: 100%;\" class=\"slide-202 ms-image \" aria-roledescription=\"slide\" data-date=\"2022-08-24 14:22:26\" data-filename=\"Arne-CR4VYK-800x800.png\" data-slide-type=\"image\"><a href=\"https:\/\/coord.info\/TB8V5Z8\" target=\"_blank\" aria-label=\"View Slide Details\" class=\"metaslider_image_link\"><img loading=\"lazy\" decoding=\"async\" src=\"https:\/\/wirsindgeocaching.de\/wp-content\/uploads\/2022\/08\/Arne-CR4VYK-800x800.png\" height=\"800\" width=\"800\" alt=\"\" class=\"slider-198 slide-202 msDefaultImage\" title=\"Arne - CR4VYK\" \/><\/a><div class=\"caption-wrap\"><div class=\"caption\">Arne<\/div><\/div><\/li>\n            <\/ul>\n        <\/div>\n        \n    <\/div>\n<\/div>\n\n\n\n<p style=\"font-size:10px\"><em>Tipp: Wenn ihr <\/em>ein wenig mehr \u00fcber die Kollegen und Kolleginnen erfahren wollt, so klickt einfach auf ihr Tier.<\/p>\n","protected":false},"excerpt":{"rendered":"<p>F\u00fcr unseren Geoburtstag (am 03.09.22) haben wir uns etwas besonderes einfallen lassen und f\u00fcr jeden im Team ein Seelen-Tier zeichnen lassen, das einen f\u00fcr&#8230;<\/p>\n","protected":false},"author":2,"featured_media":0,"parent":0,"menu_order":0,"comment_status":"closed","ping_status":"closed","template":"","meta":{"footnotes":""},"class_list":["post-167","page","type-page","status-publish","hentry"],"_links":{"self":[{"href":"https:\/\/wirsindgeocaching.de\/index.php?rest_route=\/wp\/v2\/pages\/167","targetHints":{"allow":["GET"]}}],"collection":[{"href":"https:\/\/wirsindgeocaching.de\/index.php?rest_route=\/wp\/v2\/pages"}],"about":[{"href":"https:\/\/wirsindgeocaching.de\/index.php?rest_route=\/wp\/v2\/types\/page"}],"author":[{"embeddable":true,"href":"https:\/\/wirsindgeocaching.de\/index.php?rest_route=\/wp\/v2\/users\/2"}],"replies":[{"embeddable":true,"href":"https:\/\/wirsindgeocaching.de\/index.php?rest_route=%2Fwp%2Fv2%2Fcomments&post=167"}],"version-history":[{"count":5,"href":"https:\/\/wirsindgeocaching.de\/index.php?rest_route=\/wp\/v2\/pages\/167\/revisions"}],"predecessor-version":[{"id":217,"href":"https:\/\/wirsindgeocaching.de\/index.php?rest_route=\/wp\/v2\/pages\/167\/revisions\/217"}],"wp:attachment":[{"href":"https:\/\/wirsindgeocaching.de\/index.php?rest_route=%2Fwp%2Fv2%2Fmedia&parent=167"}],"curies":[{"name":"wp","href":"https:\/\/api.w.org\/{rel}","templated":true}]}}