{"id":166,"date":"2022-08-24T14:17:43","date_gmt":"2022-08-24T14:17:43","guid":{"rendered":"https:\/\/wirsindgeocaching.de\/?page_id=166"},"modified":"2022-08-24T14:17:43","modified_gmt":"2022-08-24T14:17:43","slug":"wer-wir-sind","status":"publish","type":"page","link":"https:\/\/wirsindgeocaching.de\/?page_id=166","title":{"rendered":"Wer wir sind"},"content":{"rendered":"\n<p><strong>Die GeheimPunkt GmbH<\/strong><br><br>Begonnen hat alles im Jahr 2010 mit Hannopoly. Am 23.12.2009 bekam die<br>Cacher-Community in Hannover ein Weihnachtsgeschenk in Form von 32 Caches. Mit viel<br>Spa\u00df und Ehrgeiz begann, \u00e4hnlich dem weltbekannten Brettspiel, die Jagd alle<br>Besitzrechtskarten sein Eigen nennen zu k\u00f6nnen. Kurze Zeit sp\u00e4ter er\u00f6ffneten die Freunde<br>Daniel Pflieger und Christian Pecar den Cacheup-Shop. Recht schnell stellten sie fest, dass<br>der Versand von Artikeln allein nicht ausf\u00fcllend ist.<br><br>Die Idee einer Hannover Schatzsuche kam da gerade recht. So wurde das Angebot der<br>Firma um Events erweitert. Um den Andrang zu stemmen, wurde schnell die GeheimPunkt<br>GmbH gegr\u00fcndet. Seit dem bieten wir von Firmenevents, \u00fcber Junggesellenabschiede und<br>Geburtstagsfeiern alles an.<\/p>\n\n\n\n<div style=\"height:40px\" aria-hidden=\"true\" class=\"wp-block-spacer\"><\/div>\n\n\n\n<figure class=\"wp-block-gallery has-nested-images columns-2 is-cropped wp-block-gallery-1 is-layout-flex wp-block-gallery-is-layout-flex\">\n<figure class=\"wp-block-image size-large\"><img loading=\"lazy\" decoding=\"async\" width=\"718\" height=\"750\" data-id=\"175\" src=\"https:\/\/wirsindgeocaching.de\/wp-content\/uploads\/2022\/08\/Wood-Coins.png\" alt=\"\" class=\"wp-image-175\" srcset=\"https:\/\/wirsindgeocaching.de\/wp-content\/uploads\/2022\/08\/Wood-Coins.png 718w, https:\/\/wirsindgeocaching.de\/wp-content\/uploads\/2022\/08\/Wood-Coins-287x300.png 287w\" sizes=\"auto, (max-width: 718px) 100vw, 718px\" \/><figcaption>WoodCoins<\/figcaption><\/figure>\n\n\n\n<figure class=\"wp-block-image size-large\"><img loading=\"lazy\" decoding=\"async\" width=\"731\" height=\"756\" data-id=\"174\" src=\"https:\/\/wirsindgeocaching.de\/wp-content\/uploads\/2022\/08\/Escape-Box.png\" alt=\"\" class=\"wp-image-174\" srcset=\"https:\/\/wirsindgeocaching.de\/wp-content\/uploads\/2022\/08\/Escape-Box.png 731w, https:\/\/wirsindgeocaching.de\/wp-content\/uploads\/2022\/08\/Escape-Box-290x300.png 290w\" sizes=\"auto, (max-width: 731px) 100vw, 731px\" \/><figcaption>Break In Box<\/figcaption><\/figure>\n\n\n\n<figure class=\"wp-block-image size-large\"><img loading=\"lazy\" decoding=\"async\" width=\"657\" height=\"703\" data-id=\"173\" src=\"https:\/\/wirsindgeocaching.de\/wp-content\/uploads\/2022\/08\/Kuh-Cache.png\" alt=\"\" class=\"wp-image-173\" srcset=\"https:\/\/wirsindgeocaching.de\/wp-content\/uploads\/2022\/08\/Kuh-Cache.png 657w, https:\/\/wirsindgeocaching.de\/wp-content\/uploads\/2022\/08\/Kuh-Cache-280x300.png 280w\" sizes=\"auto, (max-width: 657px) 100vw, 657px\" \/><figcaption>Ein Kuh-Cache<\/figcaption><\/figure>\n\n\n\n<figure class=\"wp-block-image size-large\"><img loading=\"lazy\" decoding=\"async\" width=\"651\" height=\"718\" data-id=\"172\" src=\"https:\/\/wirsindgeocaching.de\/wp-content\/uploads\/2022\/08\/Die-Bombe.png\" alt=\"\" class=\"wp-image-172\" srcset=\"https:\/\/wirsindgeocaching.de\/wp-content\/uploads\/2022\/08\/Die-Bombe.png 651w, https:\/\/wirsindgeocaching.de\/wp-content\/uploads\/2022\/08\/Die-Bombe-272x300.png 272w\" sizes=\"auto, (max-width: 651px) 100vw, 651px\" \/><figcaption>Die Bombe<\/figcaption><\/figure>\n<\/figure>\n\n\n\n<div style=\"height:40px\" aria-hidden=\"true\" class=\"wp-block-spacer\"><\/div>\n\n\n\n<p>Mit AHA, dem Hannoveraner Abfallentsorger, kam die erste Anfrage nach dem<br>professionellen Bau von Geocaches, um f\u00fcr ein Unternehmen zu werben. F\u00fcr AHA ging es<br>um die Erstellung einer hochwertigen, offiziellen GeoTour, die Geocacher in die Region lockt,<br>das touristische Potenzial der Region zur Entfaltung bringt und f\u00fcr positive PR sorgt.<br>Die GeheimPunkt GmbH wurde um den Bereich Kundenschatz &#8211; heute Geoconcepts &#8211;<br>erweitert. In diesem Bereich werden besonders sch\u00f6ne Geocaches erstellt, die zu einem<br>Gesch\u00e4ft oder Schaufenster, in ein Museum oder einen Zoo, in eine Region oder Stadt<br>locken. Alles im Auftrag und in Absprache mit den Kunden und f\u00fcr Geoacher nat\u00fcrlich<br>kostenfrei!<\/p>\n\n\n\n<p>Nur kurze Zeit sp\u00e4ter nutzte Daniel die M\u00f6glichkeit, einen Truck zu einem Escape Room<br>umzubauen. Die Entwicklung von Escape Games bildet heute ein weiteres Standbein der<br>GeheimPunkt GmbH. So wurde beispielsweise eine DreiFragezeichen-Pizza gemeinsam mit<br>dem Kosmos-Verlag umgesetzt. Auch bereichern unsere Escape Spiele das Event Angebot<br>von GeheimPunkt und wir gestalten h\u00e4ufig individuelle Team Events f\u00fcr Unternehmen oder<br>Schulen.<\/p>\n","protected":false},"excerpt":{"rendered":"<p>Die GeheimPunkt GmbH Begonnen hat alles im Jahr 2010 mit Hannopoly. Am 23.12.2009 bekam dieCacher-Community in Hannover ein Weihnachtsgeschenk in Form von 32 Caches&#8230;.<\/p>\n","protected":false},"author":2,"featured_media":0,"parent":0,"menu_order":0,"comment_status":"closed","ping_status":"closed","template":"","meta":{"footnotes":""},"class_list":["post-166","page","type-page","status-publish","hentry"],"_links":{"self":[{"href":"https:\/\/wirsindgeocaching.de\/index.php?rest_route=\/wp\/v2\/pages\/166","targetHints":{"allow":["GET"]}}],"collection":[{"href":"https:\/\/wirsindgeocaching.de\/index.php?rest_route=\/wp\/v2\/pages"}],"about":[{"href":"https:\/\/wirsindgeocaching.de\/index.php?rest_route=\/wp\/v2\/types\/page"}],"author":[{"embeddable":true,"href":"https:\/\/wirsindgeocaching.de\/index.php?rest_route=\/wp\/v2\/users\/2"}],"replies":[{"embeddable":true,"href":"https:\/\/wirsindgeocaching.de\/index.php?rest_route=%2Fwp%2Fv2%2Fcomments&post=166"}],"version-history":[{"count":2,"href":"https:\/\/wirsindgeocaching.de\/index.php?rest_route=\/wp\/v2\/pages\/166\/revisions"}],"predecessor-version":[{"id":176,"href":"https:\/\/wirsindgeocaching.de\/index.php?rest_route=\/wp\/v2\/pages\/166\/revisions\/176"}],"wp:attachment":[{"href":"https:\/\/wirsindgeocaching.de\/index.php?rest_route=%2Fwp%2Fv2%2Fmedia&parent=166"}],"curies":[{"name":"wp","href":"https:\/\/api.w.org\/{rel}","templated":true}]}}