{"id":15,"date":"2022-05-18T09:37:38","date_gmt":"2022-05-18T09:37:38","guid":{"rendered":"https:\/\/wirsindgeocaching.de\/?page_id=15"},"modified":"2022-08-24T12:59:57","modified_gmt":"2022-08-24T12:59:57","slug":"startseite","status":"publish","type":"page","link":"https:\/\/wirsindgeocaching.de\/","title":{"rendered":"Unser Angebot"},"content":{"rendered":"\n<p>Wir bieten interaktive Erlebnisse f\u00fcr unterschiedliche Zielgruppen &#8211; allen bereiten unsere Produkte Spa\u00df! Mehr Informationen gibt es immer auf den Webseiten der spezialisierten Unternehmenszweige. <br>Folgt einfach dem gew\u00fcnschten Link.<\/p>\n\n\n\n<p><\/p>\n\n\n\n<p class=\"has-white-color has-text-color has-background\" style=\"background-color:#ca0000;font-size:16px;font-style:normal;font-weight:500\"><a rel=\"noreferrer noopener\" href=\"https:\/\/geheimpunkt.de\/\" data-type=\"URL\" data-id=\"https:\/\/geheimpunkt.de\/\" target=\"_blank\">GeheimPunkt<\/a>    &#8211;  spannende GPS-Schatzsuchen f\u00fcr jung und alt <\/p>\n\n\n\n<p class=\"has-white-color has-text-color has-background\" style=\"background-color:#f7b346;font-size:16px;font-style:normal;font-weight:500\"><a rel=\"noreferrer noopener\" href=\"https:\/\/geo-concepts.de\/\" data-type=\"URL\" data-id=\"https:\/\/geo-concepts.de\/\" target=\"_blank\">GeoConcepts<\/a>    &#8211;  Geocaching-Projekte f\u00fcr Marketing, Tourismus und Vermittlungsangebote<\/p>\n\n\n\n<p class=\"has-white-color has-luminous-vivid-orange-background-color has-text-color has-background\" style=\"font-size:16px;font-style:normal;font-weight:500\"><a rel=\"noreferrer noopener\" href=\"https:\/\/www.cacher-reisen.com\/de\/\" data-type=\"URL\" data-id=\"https:\/\/www.cacher-reisen.com\/de\/\" target=\"_blank\">CacherReisen<\/a>    &#8211;  Erlebnisse rund ums Geocaching auf der ganzen Welt<\/p>\n\n\n\n<p class=\"has-white-color has-text-color has-background\" style=\"background-color:#1ea2ba;font-size:16px;font-style:normal;font-weight:500\"><a rel=\"noreferrer noopener\" href=\"https:\/\/mobile-escape.com\/\" data-type=\"URL\" data-id=\"https:\/\/mobile-escape.com\/\" target=\"_blank\">MobileEscape<\/a>   &#8211;  Team-Building und Gruppenspiele f\u00fcr jede Zielgruppe<\/p>\n","protected":false},"excerpt":{"rendered":"<p>Wir bieten interaktive Erlebnisse f\u00fcr unterschiedliche Zielgruppen &#8211; allen bereiten unsere Produkte Spa\u00df! Mehr Informationen gibt es immer auf den Webseiten der spezialisierten Unternehmenszweige&#8230;.<\/p>\n","protected":false},"author":2,"featured_media":0,"parent":0,"menu_order":0,"comment_status":"closed","ping_status":"closed","template":"","meta":{"footnotes":""},"class_list":["post-15","page","type-page","status-publish","hentry"],"_links":{"self":[{"href":"https:\/\/wirsindgeocaching.de\/index.php?rest_route=\/wp\/v2\/pages\/15","targetHints":{"allow":["GET"]}}],"collection":[{"href":"https:\/\/wirsindgeocaching.de\/index.php?rest_route=\/wp\/v2\/pages"}],"about":[{"href":"https:\/\/wirsindgeocaching.de\/index.php?rest_route=\/wp\/v2\/types\/page"}],"author":[{"embeddable":true,"href":"https:\/\/wirsindgeocaching.de\/index.php?rest_route=\/wp\/v2\/users\/2"}],"replies":[{"embeddable":true,"href":"https:\/\/wirsindgeocaching.de\/index.php?rest_route=%2Fwp%2Fv2%2Fcomments&post=15"}],"version-history":[{"count":8,"href":"https:\/\/wirsindgeocaching.de\/index.php?rest_route=\/wp\/v2\/pages\/15\/revisions"}],"predecessor-version":[{"id":156,"href":"https:\/\/wirsindgeocaching.de\/index.php?rest_route=\/wp\/v2\/pages\/15\/revisions\/156"}],"wp:attachment":[{"href":"https:\/\/wirsindgeocaching.de\/index.php?rest_route=%2Fwp%2Fv2%2Fmedia&parent=15"}],"curies":[{"name":"wp","href":"https:\/\/api.w.org\/{rel}","templated":true}]}}