{"id":136,"date":"2022-08-24T08:37:46","date_gmt":"2022-08-24T08:37:46","guid":{"rendered":"https:\/\/wirsindgeocaching.de\/?page_id=136"},"modified":"2022-08-24T08:37:46","modified_gmt":"2022-08-24T08:37:46","slug":"allgemeine-geschaeftsbedingungen","status":"publish","type":"page","link":"https:\/\/wirsindgeocaching.de\/?page_id=136","title":{"rendered":"Allgemeine Gesch\u00e4ftsbedingungen"},"content":{"rendered":"\n<h2 class=\"wp-block-heading\">Allgemeines<\/h2>\n\n\n\n<p>Diese Allgemeinen Gesch\u00e4ftsbedingungen gelten zwischen dem Kunden und der Geheimpunkt GmbH. Die Geheimpunkt GmbH ist spezialisiert auf digitale Schnitzeljagden. Hierbei werden unterschiedliche Geocaches, das hei\u00dft unterschiedlich gestaltete Sch\u00e4tze, versteckt. Die Geheimpunkt GmbH bietet Schnitzeljagden f\u00fcr kleine, mittelst\u00e4ndische und gro\u00dfe Unternehmen an, die ihre Mitarbeiter binden wollen und\/oder Werbung f\u00fcr ihre Kunden platzieren wollen, die \u00fcber s\u00e4mtliche Sinne erfahrbar wird.<br>Weiter bietet die Geheimpunkt GmbH auch f\u00fcr Privatpersonen zu besonderen Anl\u00e4ssen entsprechende digitale Schatzsuchen an. Auch Schatzsuchen f\u00fcr Kinder und Jugendliche k\u00f6nnen gebucht werden. In diesem Fall werden die Erziehungsberechtigten gemeinsam Vertragspartner und m\u00fcssen den Vertrag f\u00fcr seine G\u00fcltigkeit gemeinsam unterschreiben.<br>Dies vorausgeschickt gelten folgende Regelungen zwischen den Kunden und der Geheimpunkt GmbH:<\/p>\n\n\n\n<h2 class=\"wp-block-heading\">1. Vertragsabschluss<\/h2>\n\n\n\n<p>Die Angebote im Internet stellen lediglich eine Aufforderung zur Abgabe eines Angebotes dar. Es handelt sich hierbei nicht um rechtlich bindende Angebote. Erst nach einer Best\u00e4tigungsmail durch die Geheimpunkt GmbH gilt der Vertrag als geschlossen.<\/p>\n\n\n\n<h2 class=\"wp-block-heading\">2. Vertragsinhalt<\/h2>\n\n\n\n<p>Die Geheimpunkt GmbH erstellt ein Angebot. Lediglich die in dem Angebot aufgef\u00fchrten Dienstleistungen gelten als vertraglich geschuldet. M\u00fcndliche Nebenabreden gelten nicht. F\u00fcr die \u00c4nderung dieser Schriftformklausel gilt ebenfalls die Schriftform.<br>Neben diesen Allgemeinen Gesch\u00e4ftsbedingungen gelten die Anforderungen\/Richtlinien f\u00fcr Geocaches sowie die Reisebstimmungen in der jeweils aktuellen Fassung. Diese werden \u2013 wie auch diese Allgemeinen Gesch\u00e4ftsbedingungen \u2013 fester Vertragsbestandteil.<br>Die Geheimpunkt GmbH schuldet lediglich die Durchf\u00fchrung der Schnitzeljagd. Ein Erfolg der Schnitzeljagd wird hingegen nicht geschuldet, weil dieser teilnehmerabh\u00e4ngig ist. Die Parteien sind sich vor diesem Hintergrund einig dar\u00fcber, dass es sich bei dem abgeschlossenen Vertrag um einen Dienstvertrag handelt.<\/p>\n\n\n\n<h2 class=\"wp-block-heading\">3. Inh\u00e4rente Risiken<\/h2>\n\n\n\n<p>Bei den elektronischen Schatzsuchen handelt es sich um ein so genanntes Geocaching. Hierf\u00fcr sind standortbasierte Aktivit\u00e4ten notwendig, die gerade an bestimmen Standorten, die schwer zug\u00e4nglich sind, gef\u00e4hrlich sein k\u00f6nnen. Die Geheimpunkt GmbH verpflichtet sich dazu, m\u00f6glichst genau vorher zu pr\u00fcfen, ob die Standorte sicher sind.<br>Bei der Teilnahme an einer Schatzsuche der Geheimpunkt GmbH handelt es sich dennoch um eine gef\u00e4hrliche T\u00e4tigkeit, die die Teilnehmer in eigener Verantwortung durchf\u00fchren. Da die Gef\u00e4hrlichkeit der Durchf\u00fchrung der Schatzsuche auch von dem Wetter, von der Kondition der Teilnehmer, von der H\u00f6he und Umgebung, von dem Umstand, ob die Schatzsuche innen oder au\u00dfen stattfindet, abh\u00e4ngig ist, schlie\u00dft die Geheimpunkt GmbH eine Haftung f\u00fcr s\u00e4mtliche immateriellen und materiellen Sch\u00e4den des Kunden und den einzelnen Teilnehmern aus, es sei denn, es liegt grobe Fahrl\u00e4ssigkeit oder Vorsatz vor.<br>Die Geheimpunkt GmbH ist nicht verpflichtet, ihre Kunden auf notwendige Kleidung, Schuhwerk oder \u00e4hnliches hinzuweisen. Dies ist der Geheimpunkt GmbH nicht m\u00f6glich, weil h\u00e4ufig die Kunden f\u00fcr ihre Mitarbeiter oder wiederum eigene Kunden zu Marketingzwecken die Schatzsuchen anbieten, sodass der Teilnehmerkreis der Geheimpunkt GmbH nicht bekannt ist.<br>Die Kunden verpflichten sich, auf die aktuellen Wetterbedingungen zu achten und daf\u00fcr zu sorgen, dass mit der richtigen Bekleidung und dem richtigen Schuhwerk die Teilnehmer unversehrt bleiben.<\/p>\n\n\n\n<h2 class=\"wp-block-heading\">4. Geocaches<\/h2>\n\n\n\n<p>Die Geheimpunkt GmbH wird auf den Kunden zugeschnittene Geocaches entwerfen und bauen. Hierf\u00fcr ben\u00f6tigt die Geheimpunkt GmbH h\u00e4ufig ein Firmenlogo und nutzt wunschgem\u00e4\u00dfe Werbeslogans. Mit der \u00dcbersendung dieser Dateien erkl\u00e4rt sich der Kunde damit einverstanden, dass diese \u2013auch gesch\u00fctzten Wort-, Wort-Bild oder Bildmarken sowie s\u00e4mtliche weitere Rechte von der Geheimpunkt GmbH im Rahmen der Schnitzeljagd genutzt werden k\u00f6nnen. F\u00fcr die eigene Werbung ist es der Geheimpunkt GmbH zudem gestattet, einzelne Geocaches mit dem Slogan des Kunden zu verwenden.<br>Trotz etwaiger Werbeaufdrucke bleiben die Geocaches im Eigentum der Geheimpunkt GmbH. S\u00e4mtliche Rechte verbleiben ebenfalls bei der Geheimpunkt GmbH. Dies gilt insbesondere f\u00fcr Patente, Marken, Rechte, Gesch\u00e4ftsgeheimnisse, Urheberrechte und anderes geistiges Eigentum.<br>Will der Kunde mit den Geocaches oder Fotos der Schnitzeljagdveranstaltung Werbung durchf\u00fchren, so ist diese seitens der Geheimpunkt GmbH zu autorisieren. Hochladen, Ver\u00f6ffentlichen, \u00dcbermitteln oder anderweitig zu verteilende, unerbetene Werbung, Scheinmails, Spam, Kettenbriefe, Schneeballsysteme oder jede andere Form der unerlaubten Werbung ist vertraglich ausdr\u00fccklich verboten. Verst\u00f6\u00dft der Kunde gegen dieses Verbot, so haftet dieser allein, es sei denn, der Geheimpunkt GmbH sind Vorsatz oder Fahrl\u00e4ssigkeit anzulasten.<\/p>\n\n\n\n<h2 class=\"wp-block-heading\">5. Datenschutz<\/h2>\n\n\n\n<p>Die Geheimpunkt GmbH geht mit den Kundendaten vertraulich um. Sie beachtet die jeweils aktuellen Datenschutzbestimmungen.<br>Geocaches und die damit gef\u00fchrten Schatzsuchen k\u00f6nnen dazu f\u00fchren, dass bestimmte Standortdaten gespeichert werden. Der Kunde und die Teilnehmer stimmen einer Datenspeicherung zu diesem Zweck zu. Sollte keine vertragliche Verbindung zwischen der Geheimpunkt GmbH und den Teilnehmern bestehen, verpflichtet sich der Kunde, eine entsprechende Erlaubnis zur Speicherung der Daten von den Teilnehmern einholen zu lassen. Die Speicherung dieser Daten erfolgt ebenfalls lediglich im Rahmen der einschl\u00e4gigen Gesetze.<\/p>\n\n\n\n<h2 class=\"wp-block-heading\">6. Zahlung und Termine<\/h2>\n\n\n\n<p>Mit Beauftragung wird die erste H\u00e4lfte der Rechnungssumme f\u00e4llig. Dies vor dem Hintergrund, weil andernfalls die Geheimpunkt GmbH mit der Erstellung der Geocaches, die teilweise sehr aufw\u00e4ndig sind, in Vorleistung treten m\u00fcsste. Sollten exklusive Geocaches beauftragt werden, die den vertraglichen Rahmen sprengen, wird die Geheimpunkt GmbH ein zus\u00e4tzliches Angebot unterbreiten; die Geheimpunkt GmbH ist erst dann zur Realisierung dieses Caches verpflichtet, wenn das Zusatzangebot angenommen und eine h\u00e4lftige Zahlung erfolgt ist. Nach Durchf\u00fchrung der Veranstaltung wird die zweite H\u00e4lfte des Preises f\u00e4llig.<br>Sollte der Geheimpunkt GmbH bekannt werden, dass der Kunde Negativeintragungen der Schufa oder \u00e4hnliche finanzbeeintr\u00e4chtigende Eintragungen hat, darf die Geheimpunkt GmbH Vorkasse in voller H\u00f6he des vereinbarten Preises verlangen.<br>Geocaches werden nie so fest mit dem Boden verbunden, dass diese nicht wieder abgebaut werden k\u00f6nnen. Es erfolgt daher kein Eigentums\u00fcbergang der Geocaches auf den Grundst\u00fcckseigent\u00fcmer bzw. Nutzungsberechtigten.<br>Der Kunde musste mindestens 1 Wochen vor der Veranstaltung eine Best\u00e4tigung der Beauftragung erhalten haben. Andernfalls kann die Geheimpunkt GmbH eine Einhaltung zu dem festgelegten Termin nicht verbindlich zusichern.<br>Der Geheimpunkt GmbH bleibt nachgelassen, den Dienstleistungsvertrag dennoch abzuschlie\u00dfen. In dem Fall bleiben jedoch die Termine f\u00fcr die Geheimpunkt GmbH unverbindlich.<\/p>\n\n\n\n<h2 class=\"wp-block-heading\">7. Stornierung \/ R\u00fccktritt<\/h2>\n\n\n\n<h2 class=\"wp-block-heading\">7.1 R\u00fccktritt<\/h2>\n\n\n\n<p>Sie k\u00f6nnen jederzeit den R\u00fccktritt von der Teilnahme an einer Geocaching Veranstaltung erkl\u00e4ren. Ein etwaiges Widerrufsrecht bleibt unber\u00fchrt. Die R\u00fccktrittserkl\u00e4rung muss schriftlich erfolgen.<\/p>\n\n\n\n<h2 class=\"wp-block-heading\">7.2 Stornokosten<\/h2>\n\n\n\n<p>Im Falle eines R\u00fccktritts fallen Stornokosten an:<br>-Erfolgt der R\u00fccktritt mehr als drei Wochen vor dem geplanten Veranstaltungsbeginn, fallen keine Stornokosten an.<br>-Erfolgt der R\u00fccktritt weniger als drei Wochen, aber l\u00e4nger als 7 Wochentage vor dem geplanten Veranstaltungsbeginn, sind 50 % der Kosten als Stornokosten von Ihnen zu zahlen.<br>-Erfolgt der R\u00fccktritt 7 Wochentage oder k\u00fcrzer vor dem geplanten Veranstaltungsbeginn, so ist das volle Entgelt von Ihnen zu zahlen.<\/p>\n\n\n\n<h2 class=\"wp-block-heading\">8. Haftungsausschluss<\/h2>\n\n\n\n<p>Die Geheimpunkt GmbH haftet nicht f\u00fcr den Ausfall der Veranstaltung, wenn diese aufgrund des Wetters, nicht zu vertretende Umst\u00e4nde, Streiks, Hindernisse, durch andere Dienstleister und h\u00f6here Gewalt ausf\u00e4llt oder den Teilnehmern immaterielle oder materielle Sch\u00e4den entstehen, es sei denn, es liegt Vorsatz oder grobe Fahrl\u00e4ssigkeit vor.<br>Weiter \u00fcbernimmt die Geheimpunkt GmbH keine Haftung f\u00fcr die Funktion sowie f\u00fcr immaterielle oder materielle Sch\u00e4den der Teilnehmer und der Veranstalter, die aufgrund der Geocaches entstehen, es sei denn, die Geheimpunkt GmbH hat vors\u00e4tzlich oder grob fahrl\u00e4ssig gehandelt.<\/p>\n\n\n\n<h2 class=\"wp-block-heading\">9. Salvatorische Klausel<\/h2>\n\n\n\n<p>Sollten einzelne Bestimmungen dieses Vertrages ganz oder teilweise unwirksam sein oder werden, bleibt die Wirksamkeit der \u00fcbrigen Bestimmungen unber\u00fchrt.<br>Soweit Bestimmungen unwirksam sind, richtet sich der Inhalt des Vertrages nach den gesetzlichen Vorschriften.<\/p>\n\n\n\n<h2 class=\"wp-block-heading\">10. Datenschutz<\/h2>\n\n\n\n<h2 class=\"wp-block-heading\">10.1 Geltungsbereich<\/h2>\n\n\n\n<p>Diese Datenschutzerkl\u00e4rung kl\u00e4rt Nutzer \u00fcber die Art, den Umfang und Zwecke der Erhebung und Verwendung personenbezogener Daten durch den verantwortlichen Anbieter Geheimpunkt GmbH auf dieser Website (im folgenden \u201cAngebot\u201d) auf.<br>Die rechtlichen Grundlagen des Datenschutzes finden sich im Bundesdatenschutzgesetz (BDSG) und dem Telemediengesetz (TMG).<\/p>\n\n\n\n<h2 class=\"wp-block-heading\">10.2 Zugriffsdaten\/ Server-Logfiles<\/h2>\n\n\n\n<p>Der Anbieter (beziehungsweise sein Webspace-Provider) erhebt Daten \u00fcber jeden Zugriff auf das Angebot (so genannte Serverlogfiles). Zu den Zugriffsdaten geh\u00f6ren:<br>Name der abgerufenen Webseite, Datei, Datum und Uhrzeit des Abrufs, \u00fcbertragene Datenmenge, Meldung \u00fcber erfolgreichen Abruf, Browsertyp nebst Version, das Betriebssystem des Nutzers, Referrer URL (die zuvor besuchte Seite), IP-Adresse und der anfragende Provider.<br>Der Anbieter verwendet die Protokolldaten nur f\u00fcr statistische Auswertungen zum Zweck des Betriebs, der Sicherheit und der Optimierung des Angebotes. Der Anbieterbeh\u00e4lt sich jedoch vor, die Protokolldaten nachtr\u00e4glich zu \u00fcberpr\u00fcfen, wenn aufgrund konkreter Anhaltspunkte der berechtigte Verdacht einer rechtswidrigen Nutzung besteht.<\/p>\n\n\n\n<h2 class=\"wp-block-heading\">10.3 Umgang mit personenbezogenen Daten<\/h2>\n\n\n\n<p>Personenbezogene Daten sind Informationen, mit deren Hilfe eine Person bestimmbar ist, also Angaben, die zur\u00fcck zu einer Person verfolgt werden k\u00f6nnen. Dazu geh\u00f6ren der Name, die Emailadresse oder die Telefonnummer. Aber auch Daten \u00fcber Vorlieben, Hobbies, Mitgliedschaften oder welche Webseiten von jemandem angesehen wurden z\u00e4hlen zu personenbezogenen Daten.<br>Personenbezogene Daten werden von dem Anbieter nur dann erhoben, genutzt und weiter gegeben, wenn dies gesetzlich erlaubt ist oder die Nutzer in die Datenerhebung einwilligen.<\/p>\n\n\n\n<h2 class=\"wp-block-heading\">10.4 Kontaktaufnahme<\/h2>\n\n\n\n<p>Bei der Kontaktaufnahme mit dem Anbieter (zum Beispiel per Kontaktformular oder E-Mail) werden die Angaben des Nutzers zwecks Bearbeitung der Anfrage sowie f\u00fcr den Fall, dass Anschlussfragen entstehen, gespeichert.<\/p>\n\n\n\n<h2 class=\"wp-block-heading\">10.5 Newsletter<\/h2>\n\n\n\n<p>Mit dem Newsletter informieren wir Sie \u00fcber uns und unsere Angebote.<br>Wenn Sie den Newsletter empfangen m\u00f6chten, ben\u00f6tigen wir von Ihnen eine valide Email-Adresse sowie Informationen, die uns die \u00dcberpr\u00fcfung gestatten, dass Sie der Inhaber der angegebenen Email-Adresse sind bzw. deren Inhaber mit dem Empfang des Newsletters einverstanden ist. Weitere Daten werden nicht erhoben. Diese Daten werden nur f\u00fcr den Versand der Newsletter verwendet und werden nicht an Dritte weiter gegeben.<br>Mit der Anmeldung zum Newsletter speichern wir Ihre IP-Adresse und das Datum der Anmeldung. Diese Speicherung dient alleine dem Nachweis im Fall, dass ein Dritter eine Emailadresse missbraucht und sich ohne Wissen des Berechtigten f\u00fcr den Newsletterempfang anmeldet.<br>Ihre Einwilligung zur Speicherung der Daten, der Email-Adresse sowie deren Nutzung zum Versand des Newsletters k\u00f6nnen Sie jederzeit widerrufen. Der Widerruf kann \u00fcber einen Link in den Newslettern selbst, in Ihrem Profilbereich oder per Mitteilung an die oben stehenden Kontaktm\u00f6glichkeiten erfolgen.<\/p>\n\n\n\n<h2 class=\"wp-block-heading\">10.6 Einbindung von Diensten und Inhalten Dritter<\/h2>\n\n\n\n<p>Es kann vorkommen, dass innerhalb dieses Onlineangebotes Inhalte Dritter, wie zum Beispiel Videos von YouTube, Kartenmaterial von Google-Maps, RSS-Feeds oder Grafiken von anderen Webseiten eingebunden werden. Dies setzt immer voraus, dass die Anbieter dieser Inhalte (nachfolgend bezeichnet als \u201eDritt-Anbieter\u201c) die IP-Adresse der Nutzer wahr nehmen. Denn ohne die IP-Adresse, k\u00f6nnten sie die Inhalte nicht an den Browser des jeweiligen Nutzers senden. Die IP-Adresse ist damit f\u00fcr die Darstellung dieser Inhalte erforderlich. Wir bem\u00fchen uns nur solche Inhalte zu verwenden, deren jeweilige Anbieter die IP-Adresse lediglich zur Auslieferung der Inhalte verwenden. Jedoch haben wir keinen Einfluss darauf, falls die Dritt-Anbieter die IP-Adresse z.B. f\u00fcr statistische Zwecke speichern. Soweit dies uns bekannt ist, kl\u00e4ren wir die Nutzer dar\u00fcber auf.<\/p>\n\n\n\n<h2 class=\"wp-block-heading\">10.7 Cookies<\/h2>\n\n\n\n<p>Cookies sind kleine Dateien, die es erm\u00f6glichen, auf dem Zugriffsger\u00e4t der Nutzer (PC, Smartphone o.\u00e4.) spezifische, auf das Ger\u00e4t bezogene Informationen zu speichern. Sie dienen zum einem der Benutzerfreundlichkeit von Webseiten und damit den Nutzern (z.B. Speicherung von Logindaten). Zum anderen dienen sie, um die statistische Daten der Webseitennutzung zu erfassen und sie zwecks Verbesserung des Angebotes analysieren zu k\u00f6nnen. Die Nutzer k\u00f6nnen auf den Einsatz der Cookies Einfluss nehmen. Die meisten Browser verf\u00fcgen eine Option mit der das Speichern von Cookies eingeschr\u00e4nkt oder komplett verhindert wird. Allerdings wird darauf hingewiesen, dass die Nutzung und insbesondere der Nutzungskomfort ohne Cookies eingeschr\u00e4nkt werden.<br>Sie k\u00f6nnen viele Online-Anzeigen-Cookies von Unternehmen \u00fcber die US-amerikanische Seite http:\/\/www.aboutads.info\/choices\/ oder die EU-Seite http:\/\/www.youronlinechoices.com\/uk\/your-ad-choices\/ verwalten.<\/p>\n\n\n\n<h2 class=\"wp-block-heading\">10.8 Google Analytics<\/h2>\n\n\n\n<p>Dieses Angebot benutzt Google Analytics, einen Webanalysedienst der Google Inc. (\u201eGoogle\u201c). Google Analytics verwendet sog. \u201eCookies\u201c, Textdateien, die auf Computer der Nutzer gespeichert werden und die eine Analyse der Benutzung der Website durch sie erm\u00f6glichen. Die durch den Cookie erzeugten Informationen \u00fcber Benutzung dieser Website durch die Nutzer werden in der Regel an einen Server von Google in den USA \u00fcbertragen und dort gespeichert.<br>Im Falle der Aktivierung der IP-Anonymisierung auf dieser Webseite, wird die IP-Adresse der Nutzer von Google jedoch innerhalb von Mitgliedstaaten der Europ\u00e4ischen Union oder in anderen Vertragsstaaten des Abkommens \u00fcber den Europ\u00e4ischen Wirtschaftsraum zuvor gek\u00fcrzt. Nur in Ausnahmef\u00e4llen wird die volle IP-Adresse an einen Server von Google in den USA \u00fcbertragen und dort gek\u00fcrzt. Die IP-Anonymisierung ist auf dieser Website aktiv. Im Auftrag des Betreibers dieser Website wird Google diese Informationen benutzen, um die Nutzung der Website durch die Nutzer auszuwerten, um Reports \u00fcber die Websiteaktivit\u00e4ten zusammenzustellen und um weitere mit der Websitenutzung und der Internetnutzung verbundene Dienstleistungen gegen\u00fcber dem Websitebetreiber zu erbringen.<br>Die im Rahmen von Google Analytics von Ihrem Browser \u00fcbermittelte IP-Adresse wird nicht mit anderen Daten von Google zusammengef\u00fchrt. Die Nutzer k\u00f6nnen die Speicherung der Cookies durch eine entsprechende Einstellung Ihrer Browser-Software verhindern; Dieses Angebot weist die Nutzer jedoch darauf hin, dass Sie in diesem Fall gegebenenfalls nicht s\u00e4mtliche Funktionen dieser Website vollumf\u00e4nglich werden nutzen k\u00f6nnen. Die Nutzer k\u00f6nnen dar\u00fcber hinaus die Erfassung der durch das Cookie erzeugten und auf ihre Nutzung der Website bezogenen Daten (inkl. Ihrer IP-Adresse) an Google sowie die Verarbeitung dieser Daten durch Google verhindern, indem sie das unter dem folgenden Link verf\u00fcgbare Browser-Plugin herunterladen und installieren: http:\/\/tools.google.com\/dlpage\/gaoptout?hl=de.<br>Alternativ zum Browser-Add-On oder innerhalb von Browsern auf mobilen Ger\u00e4ten, klicken Sie bitte diesen Link, um die Erfassung durch Google Analytics innerhalb dieser Website zuk\u00fcnftig zu verhindern. Dabei wird ein Opt-Out-Cookie auf Ihrem Ger\u00e4t abgelegt. L\u00f6schen Sie Ihre Cookies, m\u00fcssen Sie diesen Link erneut klicken.<\/p>\n\n\n\n<h2 class=\"wp-block-heading\">10.9 Widerruf, \u00c4nderungen, Berichtigungen und Aktualisierungen<\/h2>\n\n\n\n<p>Der Nutzer hat das Recht, auf Antrag unentgeltlich Auskunft zu erhalten \u00fcber die personenbezogenen Daten, die \u00fcber ihn gespeichert wurden. Zus\u00e4tzlich hat der Nutzer das Recht auf Berichtigung unrichtiger Daten, Sperrung und L\u00f6schung seiner personenbezogenen Daten, soweit dem keine gesetzliche Aufbewahrungspflicht entgegensteht.<\/p>\n","protected":false},"excerpt":{"rendered":"<p>Allgemeines Diese Allgemeinen Gesch\u00e4ftsbedingungen gelten zwischen dem Kunden und der Geheimpunkt GmbH. Die Geheimpunkt GmbH ist spezialisiert auf digitale Schnitzeljagden. Hierbei werden unterschiedliche Geocaches,&#8230;<\/p>\n","protected":false},"author":2,"featured_media":0,"parent":0,"menu_order":0,"comment_status":"closed","ping_status":"closed","template":"","meta":{"footnotes":""},"class_list":["post-136","page","type-page","status-publish","hentry"],"_links":{"self":[{"href":"https:\/\/wirsindgeocaching.de\/index.php?rest_route=\/wp\/v2\/pages\/136","targetHints":{"allow":["GET"]}}],"collection":[{"href":"https:\/\/wirsindgeocaching.de\/index.php?rest_route=\/wp\/v2\/pages"}],"about":[{"href":"https:\/\/wirsindgeocaching.de\/index.php?rest_route=\/wp\/v2\/types\/page"}],"author":[{"embeddable":true,"href":"https:\/\/wirsindgeocaching.de\/index.php?rest_route=\/wp\/v2\/users\/2"}],"replies":[{"embeddable":true,"href":"https:\/\/wirsindgeocaching.de\/index.php?rest_route=%2Fwp%2Fv2%2Fcomments&post=136"}],"version-history":[{"count":1,"href":"https:\/\/wirsindgeocaching.de\/index.php?rest_route=\/wp\/v2\/pages\/136\/revisions"}],"predecessor-version":[{"id":137,"href":"https:\/\/wirsindgeocaching.de\/index.php?rest_route=\/wp\/v2\/pages\/136\/revisions\/137"}],"wp:attachment":[{"href":"https:\/\/wirsindgeocaching.de\/index.php?rest_route=%2Fwp%2Fv2%2Fmedia&parent=136"}],"curies":[{"name":"wp","href":"https:\/\/api.w.org\/{rel}","templated":true}]}}