{"id":126,"date":"2022-08-23T15:25:52","date_gmt":"2022-08-23T15:25:52","guid":{"rendered":"https:\/\/wirsindgeocaching.de\/?page_id=126"},"modified":"2022-08-24T12:59:16","modified_gmt":"2022-08-24T12:59:16","slug":"willkommen-im-team","status":"publish","type":"page","link":"https:\/\/wirsindgeocaching.de\/?page_id=126","title":{"rendered":"Willkommen im Team!"},"content":{"rendered":"\n<p>Du m\u00f6chtest auch dein Hobby zum Beruf machen und bei uns kreativ, selbstst\u00e4ndig und flexibel mitmischen? Da unser Angebot deutschlandweit sehr gefragt ist, m\u00fcssen auch wir stetig wachsen, um den Projekten gerecht werden zu k\u00f6nnen. Daher ist sicherlich auch f\u00fcr dich was dabei!<\/p>\n\n\n\n<p>Aktuelle Stellenangebote findest du hier!<\/p>\n\n\n\n<div style=\"height:30px\" aria-hidden=\"true\" class=\"wp-block-spacer\"><\/div>\n\n\n\n<figure class=\"wp-block-gallery has-nested-images columns-3 is-cropped wp-block-gallery-1 is-layout-flex wp-block-gallery-is-layout-flex\">\n<figure class=\"wp-block-image size-large\"><a href=\"https:\/\/wirsindgeocaching.de\/wp-content\/uploads\/2022\/08\/Job-Plakate_A6_Rallye-jpg.jpg\" target=\"_blank\" rel=\"noreferrer noopener\"><img loading=\"lazy\" decoding=\"async\" width=\"1241\" height=\"1749\" data-id=\"84\" src=\"https:\/\/wirsindgeocaching.de\/wp-content\/uploads\/2022\/08\/Job-Plakate_A6_Rallye-jpg.jpg\" alt=\"\" class=\"wp-image-84\" srcset=\"https:\/\/wirsindgeocaching.de\/wp-content\/uploads\/2022\/08\/Job-Plakate_A6_Rallye-jpg.jpg 1241w, https:\/\/wirsindgeocaching.de\/wp-content\/uploads\/2022\/08\/Job-Plakate_A6_Rallye-jpg-213x300.jpg 213w, https:\/\/wirsindgeocaching.de\/wp-content\/uploads\/2022\/08\/Job-Plakate_A6_Rallye-jpg-727x1024.jpg 727w, https:\/\/wirsindgeocaching.de\/wp-content\/uploads\/2022\/08\/Job-Plakate_A6_Rallye-jpg-768x1082.jpg 768w, https:\/\/wirsindgeocaching.de\/wp-content\/uploads\/2022\/08\/Job-Plakate_A6_Rallye-jpg-1090x1536.jpg 1090w\" sizes=\"auto, (max-width: 1241px) 100vw, 1241px\" \/><\/a><figcaption>Rallye-Bibliothek<\/figcaption><\/figure>\n\n\n\n<figure class=\"wp-block-image size-large\"><a href=\"https:\/\/wirsindgeocaching.de\/wp-content\/uploads\/2022\/08\/Job-Plakate_A6_Buchhaltung-jpg.jpg\" target=\"_blank\" rel=\"noreferrer noopener\"><img loading=\"lazy\" decoding=\"async\" width=\"1241\" height=\"1749\" data-id=\"83\" src=\"https:\/\/wirsindgeocaching.de\/wp-content\/uploads\/2022\/08\/Job-Plakate_A6_Buchhaltung-jpg.jpg\" alt=\"\" class=\"wp-image-83\" srcset=\"https:\/\/wirsindgeocaching.de\/wp-content\/uploads\/2022\/08\/Job-Plakate_A6_Buchhaltung-jpg.jpg 1241w, https:\/\/wirsindgeocaching.de\/wp-content\/uploads\/2022\/08\/Job-Plakate_A6_Buchhaltung-jpg-213x300.jpg 213w, https:\/\/wirsindgeocaching.de\/wp-content\/uploads\/2022\/08\/Job-Plakate_A6_Buchhaltung-jpg-727x1024.jpg 727w, https:\/\/wirsindgeocaching.de\/wp-content\/uploads\/2022\/08\/Job-Plakate_A6_Buchhaltung-jpg-768x1082.jpg 768w, https:\/\/wirsindgeocaching.de\/wp-content\/uploads\/2022\/08\/Job-Plakate_A6_Buchhaltung-jpg-1090x1536.jpg 1090w\" sizes=\"auto, (max-width: 1241px) 100vw, 1241px\" \/><\/a><figcaption>Buchhaltung<\/figcaption><\/figure>\n\n\n\n<figure class=\"wp-block-image size-large\"><a href=\"https:\/\/wirsindgeocaching.de\/wp-content\/uploads\/2022\/08\/Job-Plakate_A6_Reise-jpg.jpg\" target=\"_blank\" rel=\"noreferrer noopener\"><img loading=\"lazy\" decoding=\"async\" width=\"1241\" height=\"1749\" data-id=\"80\" src=\"https:\/\/wirsindgeocaching.de\/wp-content\/uploads\/2022\/08\/Job-Plakate_A6_Reise-jpg.jpg\" alt=\"\" class=\"wp-image-80\" srcset=\"https:\/\/wirsindgeocaching.de\/wp-content\/uploads\/2022\/08\/Job-Plakate_A6_Reise-jpg.jpg 1241w, https:\/\/wirsindgeocaching.de\/wp-content\/uploads\/2022\/08\/Job-Plakate_A6_Reise-jpg-213x300.jpg 213w, https:\/\/wirsindgeocaching.de\/wp-content\/uploads\/2022\/08\/Job-Plakate_A6_Reise-jpg-727x1024.jpg 727w, https:\/\/wirsindgeocaching.de\/wp-content\/uploads\/2022\/08\/Job-Plakate_A6_Reise-jpg-768x1082.jpg 768w, https:\/\/wirsindgeocaching.de\/wp-content\/uploads\/2022\/08\/Job-Plakate_A6_Reise-jpg-1090x1536.jpg 1090w\" sizes=\"auto, (max-width: 1241px) 100vw, 1241px\" \/><\/a><figcaption>Reisefachkraft<\/figcaption><\/figure>\n\n\n\n<figure class=\"wp-block-image size-large is-style-default\"><a href=\"https:\/\/wirsindgeocaching.de\/wp-content\/uploads\/2022\/08\/Job-Plakate_A6_Backoffice-jpg.jpg\" target=\"_blank\" rel=\"noreferrer noopener\"><img loading=\"lazy\" decoding=\"async\" width=\"1241\" height=\"1749\" data-id=\"82\" src=\"https:\/\/wirsindgeocaching.de\/wp-content\/uploads\/2022\/08\/Job-Plakate_A6_Backoffice-jpg.jpg\" alt=\"\" class=\"wp-image-82\" srcset=\"https:\/\/wirsindgeocaching.de\/wp-content\/uploads\/2022\/08\/Job-Plakate_A6_Backoffice-jpg.jpg 1241w, https:\/\/wirsindgeocaching.de\/wp-content\/uploads\/2022\/08\/Job-Plakate_A6_Backoffice-jpg-213x300.jpg 213w, https:\/\/wirsindgeocaching.de\/wp-content\/uploads\/2022\/08\/Job-Plakate_A6_Backoffice-jpg-727x1024.jpg 727w, https:\/\/wirsindgeocaching.de\/wp-content\/uploads\/2022\/08\/Job-Plakate_A6_Backoffice-jpg-768x1082.jpg 768w, https:\/\/wirsindgeocaching.de\/wp-content\/uploads\/2022\/08\/Job-Plakate_A6_Backoffice-jpg-1090x1536.jpg 1090w\" sizes=\"auto, (max-width: 1241px) 100vw, 1241px\" \/><\/a><figcaption>Backoffice<\/figcaption><\/figure>\n\n\n\n<figure class=\"wp-block-image size-large\"><a href=\"https:\/\/wirsindgeocaching.de\/wp-content\/uploads\/2022\/08\/Job-Plakate_A6_Wartung-jpg.jpg\" target=\"_blank\" rel=\"noreferrer noopener\"><img loading=\"lazy\" decoding=\"async\" width=\"1241\" height=\"1749\" data-id=\"81\" src=\"https:\/\/wirsindgeocaching.de\/wp-content\/uploads\/2022\/08\/Job-Plakate_A6_Wartung-jpg.jpg\" alt=\"\" class=\"wp-image-81\" srcset=\"https:\/\/wirsindgeocaching.de\/wp-content\/uploads\/2022\/08\/Job-Plakate_A6_Wartung-jpg.jpg 1241w, https:\/\/wirsindgeocaching.de\/wp-content\/uploads\/2022\/08\/Job-Plakate_A6_Wartung-jpg-213x300.jpg 213w, https:\/\/wirsindgeocaching.de\/wp-content\/uploads\/2022\/08\/Job-Plakate_A6_Wartung-jpg-727x1024.jpg 727w, https:\/\/wirsindgeocaching.de\/wp-content\/uploads\/2022\/08\/Job-Plakate_A6_Wartung-jpg-768x1082.jpg 768w, https:\/\/wirsindgeocaching.de\/wp-content\/uploads\/2022\/08\/Job-Plakate_A6_Wartung-jpg-1090x1536.jpg 1090w\" sizes=\"auto, (max-width: 1241px) 100vw, 1241px\" \/><\/a><figcaption>Wartung<\/figcaption><\/figure>\n<figcaption class=\"blocks-gallery-caption\">offene Positionen bei GeheimPunkt<\/figcaption><\/figure>\n\n\n\n<div style=\"height:30px\" aria-hidden=\"true\" class=\"wp-block-spacer\"><\/div>\n\n\n\n<hr class=\"wp-block-separator has-alpha-channel-opacity\"\/>\n\n\n\n<div style=\"height:30px\" aria-hidden=\"true\" class=\"wp-block-spacer\"><\/div>\n\n\n\n<p class=\"has-white-color has-text-color has-background\" style=\"background-color:#930101\">Melde dich bei uns auch gern mit einer Initiativbewerbung. Sende einfach eine Mail an <a href=\"mailto:info@geheimpunkt.de\" target=\"_blank\" rel=\"noreferrer noopener\">info@geheimpunkt.de<\/a>.<\/p>\n","protected":false},"excerpt":{"rendered":"<p>Du m\u00f6chtest auch dein Hobby zum Beruf machen und bei uns kreativ, selbstst\u00e4ndig und flexibel mitmischen? Da unser Angebot deutschlandweit sehr gefragt ist, m\u00fcssen&#8230;<\/p>\n","protected":false},"author":2,"featured_media":0,"parent":0,"menu_order":0,"comment_status":"closed","ping_status":"closed","template":"","meta":{"footnotes":""},"class_list":["post-126","page","type-page","status-publish","hentry"],"_links":{"self":[{"href":"https:\/\/wirsindgeocaching.de\/index.php?rest_route=\/wp\/v2\/pages\/126","targetHints":{"allow":["GET"]}}],"collection":[{"href":"https:\/\/wirsindgeocaching.de\/index.php?rest_route=\/wp\/v2\/pages"}],"about":[{"href":"https:\/\/wirsindgeocaching.de\/index.php?rest_route=\/wp\/v2\/types\/page"}],"author":[{"embeddable":true,"href":"https:\/\/wirsindgeocaching.de\/index.php?rest_route=\/wp\/v2\/users\/2"}],"replies":[{"embeddable":true,"href":"https:\/\/wirsindgeocaching.de\/index.php?rest_route=%2Fwp%2Fv2%2Fcomments&post=126"}],"version-history":[{"count":6,"href":"https:\/\/wirsindgeocaching.de\/index.php?rest_route=\/wp\/v2\/pages\/126\/revisions"}],"predecessor-version":[{"id":154,"href":"https:\/\/wirsindgeocaching.de\/index.php?rest_route=\/wp\/v2\/pages\/126\/revisions\/154"}],"wp:attachment":[{"href":"https:\/\/wirsindgeocaching.de\/index.php?rest_route=%2Fwp%2Fv2%2Fmedia&parent=126"}],"curies":[{"name":"wp","href":"https:\/\/api.w.org\/{rel}","templated":true}]}}